{"id":1781,"date":"2023-08-06T14:18:15","date_gmt":"2023-08-06T11:18:15","guid":{"rendered":"https:\/\/www.pgc-shop.com\/?post_type=product&#038;p=1781"},"modified":"2023-08-06T14:18:15","modified_gmt":"2023-08-06T11:18:15","slug":"ozel-tasarim-seramik-bukalemun-kupa-is1204","status":"publish","type":"product","link":"https:\/\/www.pgc-shop.com\/index.php\/urun\/ozel-tasarim-seramik-bukalemun-kupa-is1204\/","title":{"rendered":"\u00d6zel Tasar\u0131m Seramik Bukalemun Kupa \u0130S1204"},"content":{"rendered":"<p>Her Bukalemun Kupa, d\u00fcnyada yaln\u0131zca bir tane olacak \u015fekilde tasarlanm\u0131\u015ft\u0131r. Tek seferlik \u00fcretim sayesinde, kupa \u00fczerindeki desen ve renkler sonsuz bir \u00e7e\u015fitlilik sunar. S\u0131radan kupalardan s\u0131k\u0131lanlar i\u00e7in m\u00fckemmel bir se\u00e7imdir. Bukalemun Kupa\u2019n\u0131n anahtar \u00f6zelli\u011fi, birbirinden farkl\u0131 ve e\u015fsiz desenlere sahip olmas\u0131d\u0131r. Bukalemun Kupa, an\u0131lar\u0131n\u0131z\u0131n \u00f6zel bir yans\u0131mas\u0131 olacak \u015fekilde tasarlan\u0131r. Hayat\u0131n\u0131z\u0131n \u00f6nemli anlar\u0131n\u0131, sevdiklerinizle ge\u00e7irdi\u011finiz keyifli zamanlar\u0131 ve unutulmaz an\u0131lar\u0131 kupa \u00fczerindeki e\u015fsiz desenlerle canland\u0131r\u0131r\u0131z. B\u00f6ylece her bir kupa, size \u00f6zel ve anlam dolu bir hikaye anlat\u0131r.<\/p>\n<p><strong><em>Not: Bukalemun Kupa\u2019lar s\u0131n\u0131rl\u0131 say\u0131da \u00fcretildi\u011fi i\u00e7in, belirli zamanlarda stoklar\u0131m\u0131z t\u00fckenmektedir. Siz de benzersiz bir kupa sahibi olmak istiyorsan\u0131z, hemen web sitemizi ziyaret edin ve favori tasar\u0131m\u0131n\u0131z\u0131 se\u00e7in. An\u0131lar\u0131n\u0131za e\u015flik edecek bu \u00f6zel kupa i\u00e7in acele edin!<\/em><\/strong><\/p>\n","protected":false},"excerpt":{"rendered":"<p>Ho\u015f geldiniz! En \u00f6zel anlar\u0131n\u0131z\u0131 ta\u00e7land\u0131racak, e\u015fsiz ve \u00f6zg\u00fcn bir \u00fcr\u00fcnle kar\u015f\u0131n\u0131zday\u0131z: Bukalemun Kupa! Her biri yaln\u0131zca bir kez \u00fcretilen, benzersiz ve s\u0131n\u0131rl\u0131 say\u0131da bulunan bu \u00f6zel kupalarla, an\u0131lar\u0131n\u0131za e\u015fsiz bir anlam kat\u0131n. \u00a0Tasar\u0131mlar\u0131m\u0131z\u0131 s\u0131radan kal\u0131plardan kurtararak, her kupa i\u00e7in \u00f6zel bir sanat eseri yarat\u0131yoruz. Kendinizi ve sevdiklerinizi \u00f6zel hissettirecek bu kupalara sahip olman\u0131n keyfini \u00e7\u0131kar\u0131n<\/p>\n","protected":false},"featured_media":1782,"comment_status":"open","ping_status":"closed","template":"","meta":{"site-sidebar-layout":"no-sidebar","site-content-layout":"content-boxed-container","ast-global-header-display":"","ast-main-header-display":"","ast-hfb-above-header-display":"","ast-hfb-below-header-display":"","ast-hfb-mobile-header-display":"","site-post-title":"","ast-breadcrumbs-content":"","ast-featured-img":"","footer-sml-layout":"","theme-transparent-header-meta":"default","adv-header-id-meta":"","stick-header-meta":"","header-above-stick-meta":"","header-main-stick-meta":"","header-below-stick-meta":""},"product_cat":[46,43,32,31],"product_tag":[],"class_list":["post-1781","product","type-product","status-publish","has-post-thumbnail","hentry","product_cat-bukalemun-kupa","product_cat-seramik-kupa","product_cat-kupa","product_cat-seramik"],"yoast_head":"<!-- This site is optimized with the Yoast SEO plugin v20.12 - https:\/\/yoast.com\/wordpress\/plugins\/seo\/ -->\n<title>\u00d6zel Tasar\u0131m Seramik Bukalemun Kupa \u0130S1204 | PGC SHOP<\/title>\n<meta name=\"description\" content=\"Benzersiz Bukalemun Kupa - Sadece Bir Seferlik \u00dcretim! Her Bukalemun Kupa, d\u00fcnyada yaln\u0131zca bir tane olacak \u015fekilde tasarlanm\u0131\u015ft\u0131r.\" \/>\n<meta name=\"robots\" content=\"index, follow, max-snippet:-1, max-image-preview:large, max-video-preview:-1\" \/>\n<link rel=\"canonical\" href=\"https:\/\/www.pgc-shop.com\/index.php\/urun\/ozel-tasarim-seramik-bukalemun-kupa-is1204\/\" \/>\n<meta property=\"og:locale\" content=\"tr_TR\" \/>\n<meta property=\"og:type\" content=\"article\" \/>\n<meta property=\"og:title\" content=\"\u00d6zel Tasar\u0131m Seramik Bukalemun Kupa \u0130S1204 | PGC SHOP\" \/>\n<meta property=\"og:description\" content=\"Benzersiz Bukalemun Kupa - Sadece Bir Seferlik \u00dcretim! Her Bukalemun Kupa, d\u00fcnyada yaln\u0131zca bir tane olacak \u015fekilde tasarlanm\u0131\u015ft\u0131r.\" \/>\n<meta property=\"og:url\" content=\"https:\/\/www.pgc-shop.com\/index.php\/urun\/ozel-tasarim-seramik-bukalemun-kupa-is1204\/\" \/>\n<meta property=\"og:site_name\" content=\"PGC SHOP\" \/>\n<meta property=\"og:image\" content=\"https:\/\/www.pgc-shop.com\/wp-content\/uploads\/2023\/08\/kupa-4a-scaled.jpg\" \/>\n\t<meta property=\"og:image:width\" content=\"2560\" \/>\n\t<meta property=\"og:image:height\" content=\"1707\" \/>\n\t<meta property=\"og:image:type\" content=\"image\/jpeg\" \/>\n<meta name=\"twitter:card\" content=\"summary_large_image\" \/>\n<meta name=\"twitter:label1\" content=\"Tahmini okuma s\u00fcresi\" \/>\n\t<meta name=\"twitter:data1\" content=\"1 dakika\" \/>\n<script type=\"application\/ld+json\" class=\"yoast-schema-graph\">{\"@context\":\"https:\/\/schema.org\",\"@graph\":[{\"@type\":\"WebPage\",\"@id\":\"https:\/\/www.pgc-shop.com\/index.php\/urun\/ozel-tasarim-seramik-bukalemun-kupa-is1204\/\",\"url\":\"https:\/\/www.pgc-shop.com\/index.php\/urun\/ozel-tasarim-seramik-bukalemun-kupa-is1204\/\",\"name\":\"\u00d6zel Tasar\u0131m Seramik Bukalemun Kupa \u0130S1204 | PGC SHOP\",\"isPartOf\":{\"@id\":\"https:\/\/www.pgc-shop.com\/#website\"},\"datePublished\":\"2023-08-06T11:18:15+00:00\",\"dateModified\":\"2023-08-06T11:18:15+00:00\",\"description\":\"Benzersiz Bukalemun Kupa - Sadece Bir Seferlik \u00dcretim! Her Bukalemun Kupa, d\u00fcnyada yaln\u0131zca bir tane olacak \u015fekilde tasarlanm\u0131\u015ft\u0131r.\",\"breadcrumb\":{\"@id\":\"https:\/\/www.pgc-shop.com\/index.php\/urun\/ozel-tasarim-seramik-bukalemun-kupa-is1204\/#breadcrumb\"},\"inLanguage\":\"tr\",\"potentialAction\":[{\"@type\":\"ReadAction\",\"target\":[\"https:\/\/www.pgc-shop.com\/index.php\/urun\/ozel-tasarim-seramik-bukalemun-kupa-is1204\/\"]}]},{\"@type\":\"BreadcrumbList\",\"@id\":\"https:\/\/www.pgc-shop.com\/index.php\/urun\/ozel-tasarim-seramik-bukalemun-kupa-is1204\/#breadcrumb\",\"itemListElement\":[{\"@type\":\"ListItem\",\"position\":1,\"name\":\"Anasayfa\",\"item\":\"https:\/\/www.pgc-shop.com\/\"},{\"@type\":\"ListItem\",\"position\":2,\"name\":\"Ma\u011faza\",\"item\":\"https:\/\/www.pgc-shop.com\/index.php\/magaza\/\"},{\"@type\":\"ListItem\",\"position\":3,\"name\":\"\u00d6zel Tasar\u0131m Seramik Bukalemun Kupa \u0130S1204\"}]},{\"@type\":\"WebSite\",\"@id\":\"https:\/\/www.pgc-shop.com\/#website\",\"url\":\"https:\/\/www.pgc-shop.com\/\",\"name\":\"PGC SHOP\",\"description\":\"\",\"publisher\":{\"@id\":\"https:\/\/www.pgc-shop.com\/#organization\"},\"potentialAction\":[{\"@type\":\"SearchAction\",\"target\":{\"@type\":\"EntryPoint\",\"urlTemplate\":\"https:\/\/www.pgc-shop.com\/?s={search_term_string}\"},\"query-input\":\"required name=search_term_string\"}],\"inLanguage\":\"tr\"},{\"@type\":\"Organization\",\"@id\":\"https:\/\/www.pgc-shop.com\/#organization\",\"name\":\"PGC SHOP\",\"url\":\"https:\/\/www.pgc-shop.com\/\",\"logo\":{\"@type\":\"ImageObject\",\"inLanguage\":\"tr\",\"@id\":\"https:\/\/www.pgc-shop.com\/#\/schema\/logo\/image\/\",\"url\":\"https:\/\/www.pgc-shop.com\/wp-content\/uploads\/2023\/05\/logo-pgc-oldu.png\",\"contentUrl\":\"https:\/\/www.pgc-shop.com\/wp-content\/uploads\/2023\/05\/logo-pgc-oldu.png\",\"width\":180,\"height\":60,\"caption\":\"PGC SHOP\"},\"image\":{\"@id\":\"https:\/\/www.pgc-shop.com\/#\/schema\/logo\/image\/\"}}]}<\/script>\n<!-- \/ Yoast SEO plugin. -->","yoast_head_json":{"title":"\u00d6zel Tasar\u0131m Seramik Bukalemun Kupa \u0130S1204 | PGC SHOP","description":"Benzersiz Bukalemun Kupa - Sadece Bir Seferlik \u00dcretim! Her Bukalemun Kupa, d\u00fcnyada yaln\u0131zca bir tane olacak \u015fekilde tasarlanm\u0131\u015ft\u0131r.","robots":{"index":"index","follow":"follow","max-snippet":"max-snippet:-1","max-image-preview":"max-image-preview:large","max-video-preview":"max-video-preview:-1"},"canonical":"https:\/\/www.pgc-shop.com\/index.php\/urun\/ozel-tasarim-seramik-bukalemun-kupa-is1204\/","og_locale":"tr_TR","og_type":"article","og_title":"\u00d6zel Tasar\u0131m Seramik Bukalemun Kupa \u0130S1204 | PGC SHOP","og_description":"Benzersiz Bukalemun Kupa - Sadece Bir Seferlik \u00dcretim! Her Bukalemun Kupa, d\u00fcnyada yaln\u0131zca bir tane olacak \u015fekilde tasarlanm\u0131\u015ft\u0131r.","og_url":"https:\/\/www.pgc-shop.com\/index.php\/urun\/ozel-tasarim-seramik-bukalemun-kupa-is1204\/","og_site_name":"PGC SHOP","og_image":[{"width":2560,"height":1707,"url":"https:\/\/www.pgc-shop.com\/wp-content\/uploads\/2023\/08\/kupa-4a-scaled.jpg","type":"image\/jpeg"}],"twitter_card":"summary_large_image","twitter_misc":{"Tahmini okuma s\u00fcresi":"1 dakika"},"schema":{"@context":"https:\/\/schema.org","@graph":[{"@type":"WebPage","@id":"https:\/\/www.pgc-shop.com\/index.php\/urun\/ozel-tasarim-seramik-bukalemun-kupa-is1204\/","url":"https:\/\/www.pgc-shop.com\/index.php\/urun\/ozel-tasarim-seramik-bukalemun-kupa-is1204\/","name":"\u00d6zel Tasar\u0131m Seramik Bukalemun Kupa \u0130S1204 | PGC SHOP","isPartOf":{"@id":"https:\/\/www.pgc-shop.com\/#website"},"datePublished":"2023-08-06T11:18:15+00:00","dateModified":"2023-08-06T11:18:15+00:00","description":"Benzersiz Bukalemun Kupa - Sadece Bir Seferlik \u00dcretim! Her Bukalemun Kupa, d\u00fcnyada yaln\u0131zca bir tane olacak \u015fekilde tasarlanm\u0131\u015ft\u0131r.","breadcrumb":{"@id":"https:\/\/www.pgc-shop.com\/index.php\/urun\/ozel-tasarim-seramik-bukalemun-kupa-is1204\/#breadcrumb"},"inLanguage":"tr","potentialAction":[{"@type":"ReadAction","target":["https:\/\/www.pgc-shop.com\/index.php\/urun\/ozel-tasarim-seramik-bukalemun-kupa-is1204\/"]}]},{"@type":"BreadcrumbList","@id":"https:\/\/www.pgc-shop.com\/index.php\/urun\/ozel-tasarim-seramik-bukalemun-kupa-is1204\/#breadcrumb","itemListElement":[{"@type":"ListItem","position":1,"name":"Anasayfa","item":"https:\/\/www.pgc-shop.com\/"},{"@type":"ListItem","position":2,"name":"Ma\u011faza","item":"https:\/\/www.pgc-shop.com\/index.php\/magaza\/"},{"@type":"ListItem","position":3,"name":"\u00d6zel Tasar\u0131m Seramik Bukalemun Kupa \u0130S1204"}]},{"@type":"WebSite","@id":"https:\/\/www.pgc-shop.com\/#website","url":"https:\/\/www.pgc-shop.com\/","name":"PGC SHOP","description":"","publisher":{"@id":"https:\/\/www.pgc-shop.com\/#organization"},"potentialAction":[{"@type":"SearchAction","target":{"@type":"EntryPoint","urlTemplate":"https:\/\/www.pgc-shop.com\/?s={search_term_string}"},"query-input":"required name=search_term_string"}],"inLanguage":"tr"},{"@type":"Organization","@id":"https:\/\/www.pgc-shop.com\/#organization","name":"PGC SHOP","url":"https:\/\/www.pgc-shop.com\/","logo":{"@type":"ImageObject","inLanguage":"tr","@id":"https:\/\/www.pgc-shop.com\/#\/schema\/logo\/image\/","url":"https:\/\/www.pgc-shop.com\/wp-content\/uploads\/2023\/05\/logo-pgc-oldu.png","contentUrl":"https:\/\/www.pgc-shop.com\/wp-content\/uploads\/2023\/05\/logo-pgc-oldu.png","width":180,"height":60,"caption":"PGC SHOP"},"image":{"@id":"https:\/\/www.pgc-shop.com\/#\/schema\/logo\/image\/"}}]}},"_links":{"self":[{"href":"https:\/\/www.pgc-shop.com\/index.php\/wp-json\/wp\/v2\/product\/1781","targetHints":{"allow":["GET"]}}],"collection":[{"href":"https:\/\/www.pgc-shop.com\/index.php\/wp-json\/wp\/v2\/product"}],"about":[{"href":"https:\/\/www.pgc-shop.com\/index.php\/wp-json\/wp\/v2\/types\/product"}],"replies":[{"embeddable":true,"href":"https:\/\/www.pgc-shop.com\/index.php\/wp-json\/wp\/v2\/comments?post=1781"}],"wp:featuredmedia":[{"embeddable":true,"href":"https:\/\/www.pgc-shop.com\/index.php\/wp-json\/wp\/v2\/media\/1782"}],"wp:attachment":[{"href":"https:\/\/www.pgc-shop.com\/index.php\/wp-json\/wp\/v2\/media?parent=1781"}],"wp:term":[{"taxonomy":"product_cat","embeddable":true,"href":"https:\/\/www.pgc-shop.com\/index.php\/wp-json\/wp\/v2\/product_cat?post=1781"},{"taxonomy":"product_tag","embeddable":true,"href":"https:\/\/www.pgc-shop.com\/index.php\/wp-json\/wp\/v2\/product_tag?post=1781"}],"curies":[{"name":"wp","href":"https:\/\/api.w.org\/{rel}","templated":true}]}}