{"id":1979,"date":"2023-08-20T21:57:00","date_gmt":"2023-08-20T18:57:00","guid":{"rendered":"https:\/\/www.pgc-shop.com\/?post_type=product&#038;p=1979"},"modified":"2023-08-28T23:01:10","modified_gmt":"2023-08-28T20:01:10","slug":"gercek-altin-yaldizli-6li-kahve-fincan-seti-sndr101","status":"publish","type":"product","link":"https:\/\/www.pgc-shop.com\/index.php\/urun\/gercek-altin-yaldizli-6li-kahve-fincan-seti-sndr101\/","title":{"rendered":"Ger\u00e7ek Alt\u0131n Yald\u0131zl\u0131 6&#8217;l\u0131 Kahve Fincan Seti SNDR101"},"content":{"rendered":"<p>Zarafet ve Kalite Bir Arada!<\/p>\n<p>Bizler, sadece g\u00f6rsel bir \u015f\u00f6len sunmakla kalm\u0131yor, ayn\u0131 zamanda \u00fcst\u00fcn kaliteyi de garanti ediyoruz. Her fincan, dayan\u0131kl\u0131 porselen malzemeyle \u00fcretilmi\u015f olup hem s\u0131cak hem de so\u011fuk i\u00e7eceklere uyum sa\u011fl\u0131yor. Her kahve an\u0131nda, kalitenin ve zarafetin keyfini s\u00fcr\u00fcn.<\/p>\n<p>\u00d6zel Anlar\u0131 Alt\u0131nla Ta\u00e7land\u0131r\u0131n<\/p>\n<p>\u00d6zel anlar\u0131 daha da \u00f6zel k\u0131lmak i\u00e7in tasarlanan bu kahve fincan seti, sevdiklerinize unutulmaz bir hediye sunman\u0131n en zarif yoludur. \u00d6zel kutusuyla birlikte gelen setimiz, sevdiklerinizle payla\u015ft\u0131\u011f\u0131n\u0131z an\u0131lara bir par\u0131lt\u0131 katacak.<\/p>\n<p>Kahve Deneyiminizi Yeniden Tan\u0131mlay\u0131n<\/p>\n<p>Kahve, sadece bir i\u00e7ece\u011fin \u00f6tesine ge\u00e7ebilir. Bu setle birlikte, her fincan kahveniz daha derin bir anlam kazanacak. Kendinizi ve sevdiklerinizi \u015f\u0131martmak i\u00e7in en iyi se\u00e7ene\u011fi buldunuz.<\/p>\n","protected":false},"excerpt":{"rendered":"<p>Kahvenin b\u00fcy\u00fcl\u00fc d\u00fcnyas\u0131na ger\u00e7ek bir dokunu\u015f katmaya haz\u0131r m\u0131s\u0131n\u0131z? <\/p>\n<p>Sizi, esteti\u011fi ve zarafeti en y\u00fcksek seviyede ya\u015fatacak olan ger\u00e7ek alt\u0131n yald\u0131zl\u0131 kahve fincan setimizle tan\u0131\u015ft\u0131rmaktan mutluluk duyuyoruz.<\/p>\n<p>Her bir fincan\u0131m\u0131z, s\u0131radan kahve deneyimlerinizi an\u0131nda bir sanat eserine d\u00f6n\u00fc\u015ft\u00fcr\u00fcyor. Kenarlar\u0131n\u0131 s\u00fcsleyen ger\u00e7ek alt\u0131n yald\u0131z detaylar\u0131, her kahve yudumunun \u00f6zel bir an\u0131ya d\u00f6n\u00fc\u015fmesini sa\u011fl\u0131yor!<\/p>\n","protected":false},"featured_media":1984,"comment_status":"open","ping_status":"closed","template":"","meta":{"site-sidebar-layout":"no-sidebar","site-content-layout":"content-boxed-container","ast-global-header-display":"","ast-main-header-display":"","ast-hfb-above-header-display":"","ast-hfb-below-header-display":"","ast-hfb-mobile-header-display":"","site-post-title":"","ast-breadcrumbs-content":"","ast-featured-img":"","footer-sml-layout":"","theme-transparent-header-meta":"default","adv-header-id-meta":"","stick-header-meta":"","header-above-stick-meta":"","header-main-stick-meta":"","header-below-stick-meta":""},"product_cat":[34,29,25],"product_tag":[],"class_list":["post-1979","product","type-product","status-publish","has-post-thumbnail","hentry","product_cat-kahve-fincan-seti","product_cat-porselen","product_cat-porselen-kahve-fincan-seti"],"yoast_head":"<!-- This site is optimized with the Yoast SEO plugin v20.12 - https:\/\/yoast.com\/wordpress\/plugins\/seo\/ -->\n<title>Ger\u00e7ek Alt\u0131n Yald\u0131zl\u0131 6&#039;l\u0131 Kahve Fincan Seti SNDR101 | PGC SHOP<\/title>\n<meta name=\"description\" content=\"Kahve, sadece bir i\u00e7ece\u011fin \u00f6tesine ge\u00e7ebilir. \u00d6zel kutusunda gelen setimizle her bir fincan kahveniz daha derin bir anlam kazanacak!\" \/>\n<meta name=\"robots\" content=\"index, follow, max-snippet:-1, max-image-preview:large, max-video-preview:-1\" \/>\n<link rel=\"canonical\" href=\"https:\/\/www.pgc-shop.com\/index.php\/urun\/gercek-altin-yaldizli-6li-kahve-fincan-seti-sndr101\/\" \/>\n<meta property=\"og:locale\" content=\"tr_TR\" \/>\n<meta property=\"og:type\" content=\"article\" \/>\n<meta property=\"og:title\" content=\"Ger\u00e7ek Alt\u0131n Yald\u0131zl\u0131 6&#039;l\u0131 Kahve Fincan Seti SNDR101 | PGC SHOP\" \/>\n<meta property=\"og:description\" content=\"Kahve, sadece bir i\u00e7ece\u011fin \u00f6tesine ge\u00e7ebilir. \u00d6zel kutusunda gelen setimizle her bir fincan kahveniz daha derin bir anlam kazanacak!\" \/>\n<meta property=\"og:url\" content=\"https:\/\/www.pgc-shop.com\/index.php\/urun\/gercek-altin-yaldizli-6li-kahve-fincan-seti-sndr101\/\" \/>\n<meta property=\"og:site_name\" content=\"PGC SHOP\" \/>\n<meta property=\"article:modified_time\" content=\"2023-08-28T20:01:10+00:00\" \/>\n<meta property=\"og:image\" content=\"https:\/\/www.pgc-shop.com\/wp-content\/uploads\/2023\/08\/62-scaled.jpg\" \/>\n\t<meta property=\"og:image:width\" content=\"2560\" \/>\n\t<meta property=\"og:image:height\" content=\"1707\" \/>\n\t<meta property=\"og:image:type\" content=\"image\/jpeg\" \/>\n<meta name=\"twitter:card\" content=\"summary_large_image\" \/>\n<meta name=\"twitter:label1\" content=\"Tahmini okuma s\u00fcresi\" \/>\n\t<meta name=\"twitter:data1\" content=\"1 dakika\" \/>\n<script type=\"application\/ld+json\" class=\"yoast-schema-graph\">{\"@context\":\"https:\/\/schema.org\",\"@graph\":[{\"@type\":\"WebPage\",\"@id\":\"https:\/\/www.pgc-shop.com\/index.php\/urun\/gercek-altin-yaldizli-6li-kahve-fincan-seti-sndr101\/\",\"url\":\"https:\/\/www.pgc-shop.com\/index.php\/urun\/gercek-altin-yaldizli-6li-kahve-fincan-seti-sndr101\/\",\"name\":\"Ger\u00e7ek Alt\u0131n Yald\u0131zl\u0131 6'l\u0131 Kahve Fincan Seti SNDR101 | PGC SHOP\",\"isPartOf\":{\"@id\":\"https:\/\/www.pgc-shop.com\/#website\"},\"datePublished\":\"2023-08-20T18:57:00+00:00\",\"dateModified\":\"2023-08-28T20:01:10+00:00\",\"description\":\"Kahve, sadece bir i\u00e7ece\u011fin \u00f6tesine ge\u00e7ebilir. \u00d6zel kutusunda gelen setimizle her bir fincan kahveniz daha derin bir anlam kazanacak!\",\"breadcrumb\":{\"@id\":\"https:\/\/www.pgc-shop.com\/index.php\/urun\/gercek-altin-yaldizli-6li-kahve-fincan-seti-sndr101\/#breadcrumb\"},\"inLanguage\":\"tr\",\"potentialAction\":[{\"@type\":\"ReadAction\",\"target\":[\"https:\/\/www.pgc-shop.com\/index.php\/urun\/gercek-altin-yaldizli-6li-kahve-fincan-seti-sndr101\/\"]}]},{\"@type\":\"BreadcrumbList\",\"@id\":\"https:\/\/www.pgc-shop.com\/index.php\/urun\/gercek-altin-yaldizli-6li-kahve-fincan-seti-sndr101\/#breadcrumb\",\"itemListElement\":[{\"@type\":\"ListItem\",\"position\":1,\"name\":\"Anasayfa\",\"item\":\"https:\/\/www.pgc-shop.com\/\"},{\"@type\":\"ListItem\",\"position\":2,\"name\":\"Ma\u011faza\",\"item\":\"https:\/\/www.pgc-shop.com\/index.php\/magaza\/\"},{\"@type\":\"ListItem\",\"position\":3,\"name\":\"Ger\u00e7ek Alt\u0131n Yald\u0131zl\u0131 6&#8217;l\u0131 Kahve Fincan Seti SNDR101\"}]},{\"@type\":\"WebSite\",\"@id\":\"https:\/\/www.pgc-shop.com\/#website\",\"url\":\"https:\/\/www.pgc-shop.com\/\",\"name\":\"PGC SHOP\",\"description\":\"\",\"publisher\":{\"@id\":\"https:\/\/www.pgc-shop.com\/#organization\"},\"potentialAction\":[{\"@type\":\"SearchAction\",\"target\":{\"@type\":\"EntryPoint\",\"urlTemplate\":\"https:\/\/www.pgc-shop.com\/?s={search_term_string}\"},\"query-input\":\"required name=search_term_string\"}],\"inLanguage\":\"tr\"},{\"@type\":\"Organization\",\"@id\":\"https:\/\/www.pgc-shop.com\/#organization\",\"name\":\"PGC SHOP\",\"url\":\"https:\/\/www.pgc-shop.com\/\",\"logo\":{\"@type\":\"ImageObject\",\"inLanguage\":\"tr\",\"@id\":\"https:\/\/www.pgc-shop.com\/#\/schema\/logo\/image\/\",\"url\":\"https:\/\/www.pgc-shop.com\/wp-content\/uploads\/2023\/05\/logo-pgc-oldu.png\",\"contentUrl\":\"https:\/\/www.pgc-shop.com\/wp-content\/uploads\/2023\/05\/logo-pgc-oldu.png\",\"width\":180,\"height\":60,\"caption\":\"PGC SHOP\"},\"image\":{\"@id\":\"https:\/\/www.pgc-shop.com\/#\/schema\/logo\/image\/\"}}]}<\/script>\n<!-- \/ Yoast SEO plugin. -->","yoast_head_json":{"title":"Ger\u00e7ek Alt\u0131n Yald\u0131zl\u0131 6'l\u0131 Kahve Fincan Seti SNDR101 | PGC SHOP","description":"Kahve, sadece bir i\u00e7ece\u011fin \u00f6tesine ge\u00e7ebilir. \u00d6zel kutusunda gelen setimizle her bir fincan kahveniz daha derin bir anlam kazanacak!","robots":{"index":"index","follow":"follow","max-snippet":"max-snippet:-1","max-image-preview":"max-image-preview:large","max-video-preview":"max-video-preview:-1"},"canonical":"https:\/\/www.pgc-shop.com\/index.php\/urun\/gercek-altin-yaldizli-6li-kahve-fincan-seti-sndr101\/","og_locale":"tr_TR","og_type":"article","og_title":"Ger\u00e7ek Alt\u0131n Yald\u0131zl\u0131 6'l\u0131 Kahve Fincan Seti SNDR101 | PGC SHOP","og_description":"Kahve, sadece bir i\u00e7ece\u011fin \u00f6tesine ge\u00e7ebilir. \u00d6zel kutusunda gelen setimizle her bir fincan kahveniz daha derin bir anlam kazanacak!","og_url":"https:\/\/www.pgc-shop.com\/index.php\/urun\/gercek-altin-yaldizli-6li-kahve-fincan-seti-sndr101\/","og_site_name":"PGC SHOP","article_modified_time":"2023-08-28T20:01:10+00:00","og_image":[{"width":2560,"height":1707,"url":"https:\/\/www.pgc-shop.com\/wp-content\/uploads\/2023\/08\/62-scaled.jpg","type":"image\/jpeg"}],"twitter_card":"summary_large_image","twitter_misc":{"Tahmini okuma s\u00fcresi":"1 dakika"},"schema":{"@context":"https:\/\/schema.org","@graph":[{"@type":"WebPage","@id":"https:\/\/www.pgc-shop.com\/index.php\/urun\/gercek-altin-yaldizli-6li-kahve-fincan-seti-sndr101\/","url":"https:\/\/www.pgc-shop.com\/index.php\/urun\/gercek-altin-yaldizli-6li-kahve-fincan-seti-sndr101\/","name":"Ger\u00e7ek Alt\u0131n Yald\u0131zl\u0131 6'l\u0131 Kahve Fincan Seti SNDR101 | PGC SHOP","isPartOf":{"@id":"https:\/\/www.pgc-shop.com\/#website"},"datePublished":"2023-08-20T18:57:00+00:00","dateModified":"2023-08-28T20:01:10+00:00","description":"Kahve, sadece bir i\u00e7ece\u011fin \u00f6tesine ge\u00e7ebilir. \u00d6zel kutusunda gelen setimizle her bir fincan kahveniz daha derin bir anlam kazanacak!","breadcrumb":{"@id":"https:\/\/www.pgc-shop.com\/index.php\/urun\/gercek-altin-yaldizli-6li-kahve-fincan-seti-sndr101\/#breadcrumb"},"inLanguage":"tr","potentialAction":[{"@type":"ReadAction","target":["https:\/\/www.pgc-shop.com\/index.php\/urun\/gercek-altin-yaldizli-6li-kahve-fincan-seti-sndr101\/"]}]},{"@type":"BreadcrumbList","@id":"https:\/\/www.pgc-shop.com\/index.php\/urun\/gercek-altin-yaldizli-6li-kahve-fincan-seti-sndr101\/#breadcrumb","itemListElement":[{"@type":"ListItem","position":1,"name":"Anasayfa","item":"https:\/\/www.pgc-shop.com\/"},{"@type":"ListItem","position":2,"name":"Ma\u011faza","item":"https:\/\/www.pgc-shop.com\/index.php\/magaza\/"},{"@type":"ListItem","position":3,"name":"Ger\u00e7ek Alt\u0131n Yald\u0131zl\u0131 6&#8217;l\u0131 Kahve Fincan Seti SNDR101"}]},{"@type":"WebSite","@id":"https:\/\/www.pgc-shop.com\/#website","url":"https:\/\/www.pgc-shop.com\/","name":"PGC SHOP","description":"","publisher":{"@id":"https:\/\/www.pgc-shop.com\/#organization"},"potentialAction":[{"@type":"SearchAction","target":{"@type":"EntryPoint","urlTemplate":"https:\/\/www.pgc-shop.com\/?s={search_term_string}"},"query-input":"required name=search_term_string"}],"inLanguage":"tr"},{"@type":"Organization","@id":"https:\/\/www.pgc-shop.com\/#organization","name":"PGC SHOP","url":"https:\/\/www.pgc-shop.com\/","logo":{"@type":"ImageObject","inLanguage":"tr","@id":"https:\/\/www.pgc-shop.com\/#\/schema\/logo\/image\/","url":"https:\/\/www.pgc-shop.com\/wp-content\/uploads\/2023\/05\/logo-pgc-oldu.png","contentUrl":"https:\/\/www.pgc-shop.com\/wp-content\/uploads\/2023\/05\/logo-pgc-oldu.png","width":180,"height":60,"caption":"PGC SHOP"},"image":{"@id":"https:\/\/www.pgc-shop.com\/#\/schema\/logo\/image\/"}}]}},"_links":{"self":[{"href":"https:\/\/www.pgc-shop.com\/index.php\/wp-json\/wp\/v2\/product\/1979","targetHints":{"allow":["GET"]}}],"collection":[{"href":"https:\/\/www.pgc-shop.com\/index.php\/wp-json\/wp\/v2\/product"}],"about":[{"href":"https:\/\/www.pgc-shop.com\/index.php\/wp-json\/wp\/v2\/types\/product"}],"replies":[{"embeddable":true,"href":"https:\/\/www.pgc-shop.com\/index.php\/wp-json\/wp\/v2\/comments?post=1979"}],"wp:featuredmedia":[{"embeddable":true,"href":"https:\/\/www.pgc-shop.com\/index.php\/wp-json\/wp\/v2\/media\/1984"}],"wp:attachment":[{"href":"https:\/\/www.pgc-shop.com\/index.php\/wp-json\/wp\/v2\/media?parent=1979"}],"wp:term":[{"taxonomy":"product_cat","embeddable":true,"href":"https:\/\/www.pgc-shop.com\/index.php\/wp-json\/wp\/v2\/product_cat?post=1979"},{"taxonomy":"product_tag","embeddable":true,"href":"https:\/\/www.pgc-shop.com\/index.php\/wp-json\/wp\/v2\/product_tag?post=1979"}],"curies":[{"name":"wp","href":"https:\/\/api.w.org\/{rel}","templated":true}]}}