{"id":2324,"date":"2023-09-08T00:06:52","date_gmt":"2023-09-07T21:06:52","guid":{"rendered":"https:\/\/www.pgc-shop.com\/?post_type=product&#038;p=2324"},"modified":"2023-09-08T00:28:06","modified_gmt":"2023-09-07T21:28:06","slug":"6li-gold-porselen-kahve-fincan-seti-ks0112","status":"publish","type":"product","link":"https:\/\/www.pgc-shop.com\/index.php\/urun\/6li-gold-porselen-kahve-fincan-seti-ks0112\/","title":{"rendered":"6&#8217;l\u0131 Gold Porselen Kahve Fincan Seti KS0112"},"content":{"rendered":"<p>Her bir fincan ve tabak, alt\u0131n yald\u0131z i\u015flemeleriyle \u00f6zenle s\u00fcslenmi\u015f, her an\u0131n\u0131z\u0131 \u00f6zel k\u0131l\u0131yor. Kaliteli porselen malzeme, sadece g\u00f6z al\u0131c\u0131 de\u011fil, ayn\u0131 zamanda uzun \u00f6m\u00fcrl\u00fc bir kullan\u0131m sa\u011fl\u0131yor.<\/p>\n","protected":false},"excerpt":{"rendered":"<p>E\u015fsiz porselen tasar\u0131m\u0131, her kahve i\u00e7i\u015finizde size \u00f6zel bir deneyim sunacak!<\/p>\n<p>\u0130nce i\u015f\u00e7ilik ve ger\u00e7ek alt\u0131n yald\u0131zl\u0131 kaliteli malzeme, fincanlar\u0131m\u0131z\u0131 uzun y\u0131llar kullanabilece\u011finiz \u015fekilde tasarlanm\u0131\u015ft\u0131r.<\/p>\n<p>Her fincan\u0131m\u0131z, \u00f6zenle se\u00e7ilen desen ve renklerle zarif bir \u015f\u0131kl\u0131\u011fa sahiptir.<\/p>\n","protected":false},"featured_media":2330,"comment_status":"open","ping_status":"closed","template":"","meta":{"site-sidebar-layout":"no-sidebar","site-content-layout":"content-boxed-container","ast-global-header-display":"","ast-main-header-display":"","ast-hfb-above-header-display":"","ast-hfb-below-header-display":"","ast-hfb-mobile-header-display":"","site-post-title":"","ast-breadcrumbs-content":"","ast-featured-img":"","footer-sml-layout":"","theme-transparent-header-meta":"default","adv-header-id-meta":"","stick-header-meta":"","header-above-stick-meta":"","header-main-stick-meta":"","header-below-stick-meta":""},"product_cat":[34,29,25],"product_tag":[],"class_list":["post-2324","product","type-product","status-publish","has-post-thumbnail","hentry","product_cat-kahve-fincan-seti","product_cat-porselen","product_cat-porselen-kahve-fincan-seti"],"yoast_head":"<!-- This site is optimized with the Yoast SEO plugin v20.12 - https:\/\/yoast.com\/wordpress\/plugins\/seo\/ -->\n<title>6&#039;l\u0131 Gold Porselen Kahve Fincan Seti KS0112 | PGC SHOP<\/title>\n<meta name=\"description\" content=\"Detaylara verdi\u011fimiz \u00f6nemle, her fincan seti \u00f6zel anlar\u0131n\u0131za unutulmaz bir dokunu\u015f kat\u0131yor. \u0130nce i\u015f\u00e7ilik ve ger\u00e7ek alt\u0131n yald\u0131zl\u0131 kaliteli malzeme!\" \/>\n<meta name=\"robots\" content=\"index, follow, max-snippet:-1, max-image-preview:large, max-video-preview:-1\" \/>\n<link rel=\"canonical\" href=\"https:\/\/www.pgc-shop.com\/index.php\/urun\/6li-gold-porselen-kahve-fincan-seti-ks0112\/\" \/>\n<meta property=\"og:locale\" content=\"tr_TR\" \/>\n<meta property=\"og:type\" content=\"article\" \/>\n<meta property=\"og:title\" content=\"6&#039;l\u0131 Gold Porselen Kahve Fincan Seti KS0112 | PGC SHOP\" \/>\n<meta property=\"og:description\" content=\"Detaylara verdi\u011fimiz \u00f6nemle, her fincan seti \u00f6zel anlar\u0131n\u0131za unutulmaz bir dokunu\u015f kat\u0131yor. \u0130nce i\u015f\u00e7ilik ve ger\u00e7ek alt\u0131n yald\u0131zl\u0131 kaliteli malzeme!\" \/>\n<meta property=\"og:url\" content=\"https:\/\/www.pgc-shop.com\/index.php\/urun\/6li-gold-porselen-kahve-fincan-seti-ks0112\/\" \/>\n<meta property=\"og:site_name\" content=\"PGC SHOP\" \/>\n<meta property=\"article:modified_time\" content=\"2023-09-07T21:28:06+00:00\" \/>\n<meta property=\"og:image\" content=\"https:\/\/www.pgc-shop.com\/wp-content\/uploads\/2023\/09\/Basliksiz-5-1-scaled.jpg\" \/>\n\t<meta property=\"og:image:width\" content=\"2560\" \/>\n\t<meta property=\"og:image:height\" content=\"1707\" \/>\n\t<meta property=\"og:image:type\" content=\"image\/jpeg\" \/>\n<meta name=\"twitter:card\" content=\"summary_large_image\" \/>\n<meta name=\"twitter:label1\" content=\"Tahmini okuma s\u00fcresi\" \/>\n\t<meta name=\"twitter:data1\" content=\"1 dakika\" \/>\n<script type=\"application\/ld+json\" class=\"yoast-schema-graph\">{\"@context\":\"https:\/\/schema.org\",\"@graph\":[{\"@type\":\"WebPage\",\"@id\":\"https:\/\/www.pgc-shop.com\/index.php\/urun\/6li-gold-porselen-kahve-fincan-seti-ks0112\/\",\"url\":\"https:\/\/www.pgc-shop.com\/index.php\/urun\/6li-gold-porselen-kahve-fincan-seti-ks0112\/\",\"name\":\"6'l\u0131 Gold Porselen Kahve Fincan Seti KS0112 | PGC SHOP\",\"isPartOf\":{\"@id\":\"https:\/\/www.pgc-shop.com\/#website\"},\"datePublished\":\"2023-09-07T21:06:52+00:00\",\"dateModified\":\"2023-09-07T21:28:06+00:00\",\"description\":\"Detaylara verdi\u011fimiz \u00f6nemle, her fincan seti \u00f6zel anlar\u0131n\u0131za unutulmaz bir dokunu\u015f kat\u0131yor. \u0130nce i\u015f\u00e7ilik ve ger\u00e7ek alt\u0131n yald\u0131zl\u0131 kaliteli malzeme!\",\"breadcrumb\":{\"@id\":\"https:\/\/www.pgc-shop.com\/index.php\/urun\/6li-gold-porselen-kahve-fincan-seti-ks0112\/#breadcrumb\"},\"inLanguage\":\"tr\",\"potentialAction\":[{\"@type\":\"ReadAction\",\"target\":[\"https:\/\/www.pgc-shop.com\/index.php\/urun\/6li-gold-porselen-kahve-fincan-seti-ks0112\/\"]}]},{\"@type\":\"BreadcrumbList\",\"@id\":\"https:\/\/www.pgc-shop.com\/index.php\/urun\/6li-gold-porselen-kahve-fincan-seti-ks0112\/#breadcrumb\",\"itemListElement\":[{\"@type\":\"ListItem\",\"position\":1,\"name\":\"Anasayfa\",\"item\":\"https:\/\/www.pgc-shop.com\/\"},{\"@type\":\"ListItem\",\"position\":2,\"name\":\"Ma\u011faza\",\"item\":\"https:\/\/www.pgc-shop.com\/index.php\/magaza\/\"},{\"@type\":\"ListItem\",\"position\":3,\"name\":\"6&#8217;l\u0131 Gold Porselen Kahve Fincan Seti KS0112\"}]},{\"@type\":\"WebSite\",\"@id\":\"https:\/\/www.pgc-shop.com\/#website\",\"url\":\"https:\/\/www.pgc-shop.com\/\",\"name\":\"PGC SHOP\",\"description\":\"\",\"publisher\":{\"@id\":\"https:\/\/www.pgc-shop.com\/#organization\"},\"potentialAction\":[{\"@type\":\"SearchAction\",\"target\":{\"@type\":\"EntryPoint\",\"urlTemplate\":\"https:\/\/www.pgc-shop.com\/?s={search_term_string}\"},\"query-input\":\"required name=search_term_string\"}],\"inLanguage\":\"tr\"},{\"@type\":\"Organization\",\"@id\":\"https:\/\/www.pgc-shop.com\/#organization\",\"name\":\"PGC SHOP\",\"url\":\"https:\/\/www.pgc-shop.com\/\",\"logo\":{\"@type\":\"ImageObject\",\"inLanguage\":\"tr\",\"@id\":\"https:\/\/www.pgc-shop.com\/#\/schema\/logo\/image\/\",\"url\":\"https:\/\/www.pgc-shop.com\/wp-content\/uploads\/2023\/05\/logo-pgc-oldu.png\",\"contentUrl\":\"https:\/\/www.pgc-shop.com\/wp-content\/uploads\/2023\/05\/logo-pgc-oldu.png\",\"width\":180,\"height\":60,\"caption\":\"PGC SHOP\"},\"image\":{\"@id\":\"https:\/\/www.pgc-shop.com\/#\/schema\/logo\/image\/\"}}]}<\/script>\n<!-- \/ Yoast SEO plugin. -->","yoast_head_json":{"title":"6'l\u0131 Gold Porselen Kahve Fincan Seti KS0112 | PGC SHOP","description":"Detaylara verdi\u011fimiz \u00f6nemle, her fincan seti \u00f6zel anlar\u0131n\u0131za unutulmaz bir dokunu\u015f kat\u0131yor. \u0130nce i\u015f\u00e7ilik ve ger\u00e7ek alt\u0131n yald\u0131zl\u0131 kaliteli malzeme!","robots":{"index":"index","follow":"follow","max-snippet":"max-snippet:-1","max-image-preview":"max-image-preview:large","max-video-preview":"max-video-preview:-1"},"canonical":"https:\/\/www.pgc-shop.com\/index.php\/urun\/6li-gold-porselen-kahve-fincan-seti-ks0112\/","og_locale":"tr_TR","og_type":"article","og_title":"6'l\u0131 Gold Porselen Kahve Fincan Seti KS0112 | PGC SHOP","og_description":"Detaylara verdi\u011fimiz \u00f6nemle, her fincan seti \u00f6zel anlar\u0131n\u0131za unutulmaz bir dokunu\u015f kat\u0131yor. \u0130nce i\u015f\u00e7ilik ve ger\u00e7ek alt\u0131n yald\u0131zl\u0131 kaliteli malzeme!","og_url":"https:\/\/www.pgc-shop.com\/index.php\/urun\/6li-gold-porselen-kahve-fincan-seti-ks0112\/","og_site_name":"PGC SHOP","article_modified_time":"2023-09-07T21:28:06+00:00","og_image":[{"width":2560,"height":1707,"url":"https:\/\/www.pgc-shop.com\/wp-content\/uploads\/2023\/09\/Basliksiz-5-1-scaled.jpg","type":"image\/jpeg"}],"twitter_card":"summary_large_image","twitter_misc":{"Tahmini okuma s\u00fcresi":"1 dakika"},"schema":{"@context":"https:\/\/schema.org","@graph":[{"@type":"WebPage","@id":"https:\/\/www.pgc-shop.com\/index.php\/urun\/6li-gold-porselen-kahve-fincan-seti-ks0112\/","url":"https:\/\/www.pgc-shop.com\/index.php\/urun\/6li-gold-porselen-kahve-fincan-seti-ks0112\/","name":"6'l\u0131 Gold Porselen Kahve Fincan Seti KS0112 | PGC SHOP","isPartOf":{"@id":"https:\/\/www.pgc-shop.com\/#website"},"datePublished":"2023-09-07T21:06:52+00:00","dateModified":"2023-09-07T21:28:06+00:00","description":"Detaylara verdi\u011fimiz \u00f6nemle, her fincan seti \u00f6zel anlar\u0131n\u0131za unutulmaz bir dokunu\u015f kat\u0131yor. \u0130nce i\u015f\u00e7ilik ve ger\u00e7ek alt\u0131n yald\u0131zl\u0131 kaliteli malzeme!","breadcrumb":{"@id":"https:\/\/www.pgc-shop.com\/index.php\/urun\/6li-gold-porselen-kahve-fincan-seti-ks0112\/#breadcrumb"},"inLanguage":"tr","potentialAction":[{"@type":"ReadAction","target":["https:\/\/www.pgc-shop.com\/index.php\/urun\/6li-gold-porselen-kahve-fincan-seti-ks0112\/"]}]},{"@type":"BreadcrumbList","@id":"https:\/\/www.pgc-shop.com\/index.php\/urun\/6li-gold-porselen-kahve-fincan-seti-ks0112\/#breadcrumb","itemListElement":[{"@type":"ListItem","position":1,"name":"Anasayfa","item":"https:\/\/www.pgc-shop.com\/"},{"@type":"ListItem","position":2,"name":"Ma\u011faza","item":"https:\/\/www.pgc-shop.com\/index.php\/magaza\/"},{"@type":"ListItem","position":3,"name":"6&#8217;l\u0131 Gold Porselen Kahve Fincan Seti KS0112"}]},{"@type":"WebSite","@id":"https:\/\/www.pgc-shop.com\/#website","url":"https:\/\/www.pgc-shop.com\/","name":"PGC SHOP","description":"","publisher":{"@id":"https:\/\/www.pgc-shop.com\/#organization"},"potentialAction":[{"@type":"SearchAction","target":{"@type":"EntryPoint","urlTemplate":"https:\/\/www.pgc-shop.com\/?s={search_term_string}"},"query-input":"required name=search_term_string"}],"inLanguage":"tr"},{"@type":"Organization","@id":"https:\/\/www.pgc-shop.com\/#organization","name":"PGC SHOP","url":"https:\/\/www.pgc-shop.com\/","logo":{"@type":"ImageObject","inLanguage":"tr","@id":"https:\/\/www.pgc-shop.com\/#\/schema\/logo\/image\/","url":"https:\/\/www.pgc-shop.com\/wp-content\/uploads\/2023\/05\/logo-pgc-oldu.png","contentUrl":"https:\/\/www.pgc-shop.com\/wp-content\/uploads\/2023\/05\/logo-pgc-oldu.png","width":180,"height":60,"caption":"PGC SHOP"},"image":{"@id":"https:\/\/www.pgc-shop.com\/#\/schema\/logo\/image\/"}}]}},"_links":{"self":[{"href":"https:\/\/www.pgc-shop.com\/index.php\/wp-json\/wp\/v2\/product\/2324","targetHints":{"allow":["GET"]}}],"collection":[{"href":"https:\/\/www.pgc-shop.com\/index.php\/wp-json\/wp\/v2\/product"}],"about":[{"href":"https:\/\/www.pgc-shop.com\/index.php\/wp-json\/wp\/v2\/types\/product"}],"replies":[{"embeddable":true,"href":"https:\/\/www.pgc-shop.com\/index.php\/wp-json\/wp\/v2\/comments?post=2324"}],"wp:featuredmedia":[{"embeddable":true,"href":"https:\/\/www.pgc-shop.com\/index.php\/wp-json\/wp\/v2\/media\/2330"}],"wp:attachment":[{"href":"https:\/\/www.pgc-shop.com\/index.php\/wp-json\/wp\/v2\/media?parent=2324"}],"wp:term":[{"taxonomy":"product_cat","embeddable":true,"href":"https:\/\/www.pgc-shop.com\/index.php\/wp-json\/wp\/v2\/product_cat?post=2324"},{"taxonomy":"product_tag","embeddable":true,"href":"https:\/\/www.pgc-shop.com\/index.php\/wp-json\/wp\/v2\/product_tag?post=2324"}],"curies":[{"name":"wp","href":"https:\/\/api.w.org\/{rel}","templated":true}]}}