{"id":2589,"date":"2023-11-01T14:28:47","date_gmt":"2023-11-01T11:28:47","guid":{"rendered":"https:\/\/www.pgc-shop.com\/?post_type=product&#038;p=2589"},"modified":"2025-03-07T07:31:42","modified_gmt":"2025-03-07T04:31:42","slug":"6li-pasta-tabak-seti-1-pasta-servis-tabagi-pst1001","status":"publish","type":"product","link":"https:\/\/www.pgc-shop.com\/index.php\/urun\/6li-pasta-tabak-seti-1-pasta-servis-tabagi-pst1001\/","title":{"rendered":"6&#8217;l\u0131 Pasta Tabak Seti + 1 Pasta Servis Taba\u011f\u0131 PST1001"},"content":{"rendered":"<p>\ud83c\udf70 Pastan\u0131z\u0131 \u00d6zel Bir Sunumla Ta\u00e7land\u0131r\u0131n! \ud83c\udf70<\/p>\n<p>Sevdikleriniz i\u00e7in lezzetli pastalar haz\u0131rlad\u0131n\u0131z ve \u015fimdi onlar\u0131 sunmak istiyorsunuz, de\u011fil mi? \u0130\u015fte size m\u00fckemmel \u00e7\u00f6z\u00fcm: Pasta Taba\u011f\u0131m\u0131z!<\/p>\n<p>\ud83c\udf1f \u00d6zel Tasar\u0131m: Pasta tabaklar\u0131m\u0131z, pastalar\u0131n\u0131za zarif bir sunum yapman\u0131z\u0131 sa\u011flayacak \u00f6zel tasar\u0131mlara sahiptir. Hem g\u00f6z al\u0131c\u0131 hem de kullan\u0131\u015fl\u0131d\u0131r.<\/p>\n<p>\ud83c\udf1f Y\u00fcksek Kalite: Kaliteli seramik malzemeden \u00fcretilen pasta tabaklar\u0131m\u0131z, pastalar\u0131n\u0131z\u0131n g\u00fcvenli bir \u015fekilde sunulmas\u0131n\u0131 sa\u011flar. Hem dayan\u0131kl\u0131 hem de hijyeniktir.<\/p>\n<p>\ud83c\udf1f Kolay Temizlik: Pasta tabaklar\u0131m\u0131z, kullan\u0131m\u0131 sonras\u0131nda kolayca temizlenir, b\u00f6ylece sonras\u0131ndaki i\u015flerinizi h\u0131zla halledebilirsiniz.<\/p>\n<p>\ud83c\udf1f H\u0131zl\u0131 Teslimat: Sipari\u015finizi verdi\u011finizde, h\u0131zl\u0131 ve g\u00fcvenilir bir teslimatla pasta tabaklar\u0131na sahip olacaks\u0131n\u0131z.<\/p>\n<p>Pastalar\u0131n\u0131za zarafet katmak ve onlar\u0131 m\u00fckemmel bir \u015fekilde sunmak i\u00e7in bug\u00fcn pasta tabaklar\u0131m\u0131z\u0131 sipari\u015f edin! Herhangi bir \u00f6zel g\u00fcn\u00fc daha da \u00f6zel hale getirin ve lezzetli pastalar\u0131n\u0131z\u0131 sevdiklerinize sunarken b\u00fcy\u00fcleyici bir etki yarat\u0131n!<\/p>\n","protected":false},"excerpt":{"rendered":"<ul>\n<li>Pastan\u0131z\u0131 \u00d6zel Bir Sunumla Ta\u00e7land\u0131r\u0131n!<\/li>\n<li>Kaliteli seramik malzemelerden \u00fcretilmi\u015ftir.<\/li>\n<li>Kullan\u0131m\u0131 sonras\u0131nda kolayca temizlenir.<\/li>\n<li>Makinede Y\u0131kanmaya Uygundur.<\/li>\n<li>Kargoda K\u0131r\u0131lmaya Kar\u015f\u0131 \u00d6nlem Al\u0131narak, \u00d6zenle Paketlenir.<\/li>\n<li>Herkes \u0130\u00e7in \u0130deal Bir Hediye Se\u00e7ene\u011fidir.<\/li>\n<li>H\u0131zl\u0131 ve G\u00fcvenilir Teslimat.<\/li>\n<\/ul>\n","protected":false},"featured_media":2590,"comment_status":"open","ping_status":"closed","template":"","meta":{"site-sidebar-layout":"no-sidebar","site-content-layout":"content-boxed-container","ast-global-header-display":"","ast-main-header-display":"","ast-hfb-above-header-display":"","ast-hfb-below-header-display":"","ast-hfb-mobile-header-display":"","site-post-title":"","ast-breadcrumbs-content":"","ast-featured-img":"","footer-sml-layout":"","theme-transparent-header-meta":"default","adv-header-id-meta":"","stick-header-meta":"","header-above-stick-meta":"","header-main-stick-meta":"","header-below-stick-meta":""},"product_cat":[65,64,33],"product_tag":[],"class_list":["post-2589","product","type-product","status-publish","has-post-thumbnail","hentry","product_cat-pasta-tabagi","product_cat-seramik-pasta-tabagi","product_cat-tabak"],"yoast_head":"<!-- This site is optimized with the Yoast SEO plugin v20.12 - https:\/\/yoast.com\/wordpress\/plugins\/seo\/ -->\n<title>6&#039;l\u0131 Pasta Tabak Seti + 1 Pasta Servis Taba\u011f\u0131 PST1001 | PGC SHOP<\/title>\n<meta name=\"description\" content=\"Pastalar\u0131n\u0131z\u0131 \u00f6zel k\u0131l\u0131n ve her an\u0131 unutulmaz hale getirin! G\u00f6z al\u0131c\u0131 \u00fcr\u00fcnlerimizle pastalar\u0131n\u0131z\u0131 sunarken, herkesi b\u00fcy\u00fcleyin!\" \/>\n<meta name=\"robots\" content=\"index, follow, max-snippet:-1, max-image-preview:large, max-video-preview:-1\" \/>\n<link rel=\"canonical\" href=\"https:\/\/www.pgc-shop.com\/index.php\/urun\/6li-pasta-tabak-seti-1-pasta-servis-tabagi-pst1001\/\" \/>\n<meta property=\"og:locale\" content=\"tr_TR\" \/>\n<meta property=\"og:type\" content=\"article\" \/>\n<meta property=\"og:title\" content=\"6&#039;l\u0131 Pasta Tabak Seti + 1 Pasta Servis Taba\u011f\u0131 PST1001 | PGC SHOP\" \/>\n<meta property=\"og:description\" content=\"Pastalar\u0131n\u0131z\u0131 \u00f6zel k\u0131l\u0131n ve her an\u0131 unutulmaz hale getirin! G\u00f6z al\u0131c\u0131 \u00fcr\u00fcnlerimizle pastalar\u0131n\u0131z\u0131 sunarken, herkesi b\u00fcy\u00fcleyin!\" \/>\n<meta property=\"og:url\" content=\"https:\/\/www.pgc-shop.com\/index.php\/urun\/6li-pasta-tabak-seti-1-pasta-servis-tabagi-pst1001\/\" \/>\n<meta property=\"og:site_name\" content=\"PGC SHOP\" \/>\n<meta property=\"article:modified_time\" content=\"2025-03-07T04:31:42+00:00\" \/>\n<meta property=\"og:image\" content=\"https:\/\/www.pgc-shop.com\/wp-content\/uploads\/2023\/11\/IMG_2503-scaled.jpg\" \/>\n\t<meta property=\"og:image:width\" content=\"1707\" \/>\n\t<meta property=\"og:image:height\" content=\"2560\" \/>\n\t<meta property=\"og:image:type\" content=\"image\/jpeg\" \/>\n<meta name=\"twitter:card\" content=\"summary_large_image\" \/>\n<meta name=\"twitter:label1\" content=\"Tahmini okuma s\u00fcresi\" \/>\n\t<meta name=\"twitter:data1\" content=\"1 dakika\" \/>\n<script type=\"application\/ld+json\" class=\"yoast-schema-graph\">{\"@context\":\"https:\/\/schema.org\",\"@graph\":[{\"@type\":\"WebPage\",\"@id\":\"https:\/\/www.pgc-shop.com\/index.php\/urun\/6li-pasta-tabak-seti-1-pasta-servis-tabagi-pst1001\/\",\"url\":\"https:\/\/www.pgc-shop.com\/index.php\/urun\/6li-pasta-tabak-seti-1-pasta-servis-tabagi-pst1001\/\",\"name\":\"6'l\u0131 Pasta Tabak Seti + 1 Pasta Servis Taba\u011f\u0131 PST1001 | PGC SHOP\",\"isPartOf\":{\"@id\":\"https:\/\/www.pgc-shop.com\/#website\"},\"datePublished\":\"2023-11-01T11:28:47+00:00\",\"dateModified\":\"2025-03-07T04:31:42+00:00\",\"description\":\"Pastalar\u0131n\u0131z\u0131 \u00f6zel k\u0131l\u0131n ve her an\u0131 unutulmaz hale getirin! G\u00f6z al\u0131c\u0131 \u00fcr\u00fcnlerimizle pastalar\u0131n\u0131z\u0131 sunarken, herkesi b\u00fcy\u00fcleyin!\",\"breadcrumb\":{\"@id\":\"https:\/\/www.pgc-shop.com\/index.php\/urun\/6li-pasta-tabak-seti-1-pasta-servis-tabagi-pst1001\/#breadcrumb\"},\"inLanguage\":\"tr\",\"potentialAction\":[{\"@type\":\"ReadAction\",\"target\":[\"https:\/\/www.pgc-shop.com\/index.php\/urun\/6li-pasta-tabak-seti-1-pasta-servis-tabagi-pst1001\/\"]}]},{\"@type\":\"BreadcrumbList\",\"@id\":\"https:\/\/www.pgc-shop.com\/index.php\/urun\/6li-pasta-tabak-seti-1-pasta-servis-tabagi-pst1001\/#breadcrumb\",\"itemListElement\":[{\"@type\":\"ListItem\",\"position\":1,\"name\":\"Anasayfa\",\"item\":\"https:\/\/www.pgc-shop.com\/\"},{\"@type\":\"ListItem\",\"position\":2,\"name\":\"Ma\u011faza\",\"item\":\"https:\/\/www.pgc-shop.com\/index.php\/magaza\/\"},{\"@type\":\"ListItem\",\"position\":3,\"name\":\"6&#8217;l\u0131 Pasta Tabak Seti + 1 Pasta Servis Taba\u011f\u0131 PST1001\"}]},{\"@type\":\"WebSite\",\"@id\":\"https:\/\/www.pgc-shop.com\/#website\",\"url\":\"https:\/\/www.pgc-shop.com\/\",\"name\":\"PGC SHOP\",\"description\":\"\",\"publisher\":{\"@id\":\"https:\/\/www.pgc-shop.com\/#organization\"},\"potentialAction\":[{\"@type\":\"SearchAction\",\"target\":{\"@type\":\"EntryPoint\",\"urlTemplate\":\"https:\/\/www.pgc-shop.com\/?s={search_term_string}\"},\"query-input\":\"required name=search_term_string\"}],\"inLanguage\":\"tr\"},{\"@type\":\"Organization\",\"@id\":\"https:\/\/www.pgc-shop.com\/#organization\",\"name\":\"PGC SHOP\",\"url\":\"https:\/\/www.pgc-shop.com\/\",\"logo\":{\"@type\":\"ImageObject\",\"inLanguage\":\"tr\",\"@id\":\"https:\/\/www.pgc-shop.com\/#\/schema\/logo\/image\/\",\"url\":\"https:\/\/www.pgc-shop.com\/wp-content\/uploads\/2023\/05\/logo-pgc-oldu.png\",\"contentUrl\":\"https:\/\/www.pgc-shop.com\/wp-content\/uploads\/2023\/05\/logo-pgc-oldu.png\",\"width\":180,\"height\":60,\"caption\":\"PGC SHOP\"},\"image\":{\"@id\":\"https:\/\/www.pgc-shop.com\/#\/schema\/logo\/image\/\"}}]}<\/script>\n<!-- \/ Yoast SEO plugin. -->","yoast_head_json":{"title":"6'l\u0131 Pasta Tabak Seti + 1 Pasta Servis Taba\u011f\u0131 PST1001 | PGC SHOP","description":"Pastalar\u0131n\u0131z\u0131 \u00f6zel k\u0131l\u0131n ve her an\u0131 unutulmaz hale getirin! G\u00f6z al\u0131c\u0131 \u00fcr\u00fcnlerimizle pastalar\u0131n\u0131z\u0131 sunarken, herkesi b\u00fcy\u00fcleyin!","robots":{"index":"index","follow":"follow","max-snippet":"max-snippet:-1","max-image-preview":"max-image-preview:large","max-video-preview":"max-video-preview:-1"},"canonical":"https:\/\/www.pgc-shop.com\/index.php\/urun\/6li-pasta-tabak-seti-1-pasta-servis-tabagi-pst1001\/","og_locale":"tr_TR","og_type":"article","og_title":"6'l\u0131 Pasta Tabak Seti + 1 Pasta Servis Taba\u011f\u0131 PST1001 | PGC SHOP","og_description":"Pastalar\u0131n\u0131z\u0131 \u00f6zel k\u0131l\u0131n ve her an\u0131 unutulmaz hale getirin! G\u00f6z al\u0131c\u0131 \u00fcr\u00fcnlerimizle pastalar\u0131n\u0131z\u0131 sunarken, herkesi b\u00fcy\u00fcleyin!","og_url":"https:\/\/www.pgc-shop.com\/index.php\/urun\/6li-pasta-tabak-seti-1-pasta-servis-tabagi-pst1001\/","og_site_name":"PGC SHOP","article_modified_time":"2025-03-07T04:31:42+00:00","og_image":[{"width":1707,"height":2560,"url":"https:\/\/www.pgc-shop.com\/wp-content\/uploads\/2023\/11\/IMG_2503-scaled.jpg","type":"image\/jpeg"}],"twitter_card":"summary_large_image","twitter_misc":{"Tahmini okuma s\u00fcresi":"1 dakika"},"schema":{"@context":"https:\/\/schema.org","@graph":[{"@type":"WebPage","@id":"https:\/\/www.pgc-shop.com\/index.php\/urun\/6li-pasta-tabak-seti-1-pasta-servis-tabagi-pst1001\/","url":"https:\/\/www.pgc-shop.com\/index.php\/urun\/6li-pasta-tabak-seti-1-pasta-servis-tabagi-pst1001\/","name":"6'l\u0131 Pasta Tabak Seti + 1 Pasta Servis Taba\u011f\u0131 PST1001 | PGC SHOP","isPartOf":{"@id":"https:\/\/www.pgc-shop.com\/#website"},"datePublished":"2023-11-01T11:28:47+00:00","dateModified":"2025-03-07T04:31:42+00:00","description":"Pastalar\u0131n\u0131z\u0131 \u00f6zel k\u0131l\u0131n ve her an\u0131 unutulmaz hale getirin! G\u00f6z al\u0131c\u0131 \u00fcr\u00fcnlerimizle pastalar\u0131n\u0131z\u0131 sunarken, herkesi b\u00fcy\u00fcleyin!","breadcrumb":{"@id":"https:\/\/www.pgc-shop.com\/index.php\/urun\/6li-pasta-tabak-seti-1-pasta-servis-tabagi-pst1001\/#breadcrumb"},"inLanguage":"tr","potentialAction":[{"@type":"ReadAction","target":["https:\/\/www.pgc-shop.com\/index.php\/urun\/6li-pasta-tabak-seti-1-pasta-servis-tabagi-pst1001\/"]}]},{"@type":"BreadcrumbList","@id":"https:\/\/www.pgc-shop.com\/index.php\/urun\/6li-pasta-tabak-seti-1-pasta-servis-tabagi-pst1001\/#breadcrumb","itemListElement":[{"@type":"ListItem","position":1,"name":"Anasayfa","item":"https:\/\/www.pgc-shop.com\/"},{"@type":"ListItem","position":2,"name":"Ma\u011faza","item":"https:\/\/www.pgc-shop.com\/index.php\/magaza\/"},{"@type":"ListItem","position":3,"name":"6&#8217;l\u0131 Pasta Tabak Seti + 1 Pasta Servis Taba\u011f\u0131 PST1001"}]},{"@type":"WebSite","@id":"https:\/\/www.pgc-shop.com\/#website","url":"https:\/\/www.pgc-shop.com\/","name":"PGC SHOP","description":"","publisher":{"@id":"https:\/\/www.pgc-shop.com\/#organization"},"potentialAction":[{"@type":"SearchAction","target":{"@type":"EntryPoint","urlTemplate":"https:\/\/www.pgc-shop.com\/?s={search_term_string}"},"query-input":"required name=search_term_string"}],"inLanguage":"tr"},{"@type":"Organization","@id":"https:\/\/www.pgc-shop.com\/#organization","name":"PGC SHOP","url":"https:\/\/www.pgc-shop.com\/","logo":{"@type":"ImageObject","inLanguage":"tr","@id":"https:\/\/www.pgc-shop.com\/#\/schema\/logo\/image\/","url":"https:\/\/www.pgc-shop.com\/wp-content\/uploads\/2023\/05\/logo-pgc-oldu.png","contentUrl":"https:\/\/www.pgc-shop.com\/wp-content\/uploads\/2023\/05\/logo-pgc-oldu.png","width":180,"height":60,"caption":"PGC SHOP"},"image":{"@id":"https:\/\/www.pgc-shop.com\/#\/schema\/logo\/image\/"}}]}},"_links":{"self":[{"href":"https:\/\/www.pgc-shop.com\/index.php\/wp-json\/wp\/v2\/product\/2589","targetHints":{"allow":["GET"]}}],"collection":[{"href":"https:\/\/www.pgc-shop.com\/index.php\/wp-json\/wp\/v2\/product"}],"about":[{"href":"https:\/\/www.pgc-shop.com\/index.php\/wp-json\/wp\/v2\/types\/product"}],"replies":[{"embeddable":true,"href":"https:\/\/www.pgc-shop.com\/index.php\/wp-json\/wp\/v2\/comments?post=2589"}],"wp:featuredmedia":[{"embeddable":true,"href":"https:\/\/www.pgc-shop.com\/index.php\/wp-json\/wp\/v2\/media\/2590"}],"wp:attachment":[{"href":"https:\/\/www.pgc-shop.com\/index.php\/wp-json\/wp\/v2\/media?parent=2589"}],"wp:term":[{"taxonomy":"product_cat","embeddable":true,"href":"https:\/\/www.pgc-shop.com\/index.php\/wp-json\/wp\/v2\/product_cat?post=2589"},{"taxonomy":"product_tag","embeddable":true,"href":"https:\/\/www.pgc-shop.com\/index.php\/wp-json\/wp\/v2\/product_tag?post=2589"}],"curies":[{"name":"wp","href":"https:\/\/api.w.org\/{rel}","templated":true}]}}